{"id":1493,"date":"2017-05-24T06:41:11","date_gmt":"2017-05-24T06:41:11","guid":{"rendered":"http:\/\/wpdemos.themezaa.com\/pofo\/?page_id=1493"},"modified":"2020-05-18T22:15:16","modified_gmt":"2020-05-19T03:15:16","slug":"experiencias","status":"publish","type":"page","link":"https:\/\/humanidad.digital\/narrativa-urbana\/","title":{"rendered":"Experiencias"},"content":{"rendered":"<section class=\"wpb-content-wrapper\"><section data-vc-full-width=\"true\" data-vc-full-width-init=\"false\" data-vc-stretch-content=\"true\" class=\"vc_row wpb_row vc_row-fluid  vc_custom_1507008958579 pofo-stretch-content vc_row-no-padding\"><div class=\"wpb_column vc_column_container vc_col-sm-12  col-xs-mobile-fullwidth\"><div class=\"vc_column-inner vc_custom_1507008973927\"><div class=\"wpb_wrapper\"><div id=\"portfolio-slider-1\" class=\"swiper-container height-100 width-100 hover-option3 portfolio-slider-style5-1 portfolio-slider-1 white-move portfolio-slider-style-5\" data-slider-options=\"{&quot;pagination&quot;:{&quot;el&quot;:&quot;.swiper-pagination-1&quot;,&quot;type&quot;:&quot;bullets&quot;,&quot;clickable&quot;:true},&quot;autoplay&quot;:false,&quot;keyboard&quot;:{&quot;enabled&quot;:true,&quot;onlyInViewport&quot;:false},&quot;mousewheel&quot;:true,&quot;preventClicks&quot;:false,&quot;slidesPerView&quot;:&quot;2&quot;,&quot;breakpoints&quot;:{&quot;768&quot;:{&quot;slidesPerView&quot;:&quot;3&quot;},&quot;992&quot;:{&quot;slidesPerView&quot;:&quot;3&quot;},&quot;1200&quot;:{&quot;slidesPerView&quot;:&quot;5&quot;}}}\">\n                                <div class=\"swiper-wrapper\"><div class=\"swiper-slide cover-background full-screen grid-item text-left bg-image-srcset\" style=\"background-image:url(https:\/\/humanidad.digital\/narrativa-urbana\/wp-content\/uploads\/2020\/05\/lectura-emocional.jpg);\" data-bg-srcset=\"https:\/\/humanidad.digital\/narrativa-urbana\/wp-content\/uploads\/2020\/05\/lectura-emocional.jpg 700w, https:\/\/humanidad.digital\/narrativa-urbana\/wp-content\/uploads\/2020\/05\/lectura-emocional-233x300.jpg 233w, https:\/\/humanidad.digital\/narrativa-urbana\/wp-content\/uploads\/2020\/05\/lectura-emocional-600x771.jpg 600w, https:\/\/humanidad.digital\/narrativa-urbana\/wp-content\/uploads\/2020\/05\/lectura-emocional-81x104.jpg 81w\"><div class=\"pofo-rich-snippet display-none post-21079 portfolio type-portfolio status-publish format-standard has-post-thumbnail hentry portfolio-category-experiencias\"><span class=\"entry-title\">Lectura emocional<\/span><span class=\"author vcard\"><a class=\"url fn n\" href=\"https:\/\/humanidad.digital\/narrativa-urbana\/author\/admin\/\">admin<\/a><\/span><span class=\"published\">mayo 10, 2020<\/span><time class=\"updated\" datetime=\"2023-10-23T14:44:33-05:00\">octubre 23, 2023<\/time><\/div><a href=\"https:\/\/humanidad.digital\/narrativa-urbana\/experiencia\/lectura-emocional\/\" target=\"_self\"><div class=\"slide-hover-box\"><div class=\"opacity-medium bg-black\"><\/div><figure class=\"position-absolute\"><figcaption><h6 class=\"font-weight-300 text-white margin-20px-bottom\">Lectura emocional<\/h6><p class=\"text-white width-85 sm-width-100 no-margin-bottom\">Ejercicio de reconocimiento de las emociones presentes en distintos fragmentos de La Virgen de los sicarios.<\/p><div class=\"separator-line-horrizontal-medium-light2 opacity5 bg-white margin-35px-top sm-margin-25px-top\"><\/div><\/figcaption><\/figure><\/div><\/a><\/div><div class=\"swiper-slide cover-background full-screen grid-item text-left bg-image-srcset\" style=\"background-image:url(https:\/\/humanidad.digital\/narrativa-urbana\/wp-content\/uploads\/2020\/05\/narracion.jpg);\" data-bg-srcset=\"https:\/\/humanidad.digital\/narrativa-urbana\/wp-content\/uploads\/2020\/05\/narracion.jpg 700w, https:\/\/humanidad.digital\/narrativa-urbana\/wp-content\/uploads\/2020\/05\/narracion-233x300.jpg 233w, https:\/\/humanidad.digital\/narrativa-urbana\/wp-content\/uploads\/2020\/05\/narracion-600x771.jpg 600w, https:\/\/humanidad.digital\/narrativa-urbana\/wp-content\/uploads\/2020\/05\/narracion-81x104.jpg 81w\"><div class=\"pofo-rich-snippet display-none post-21087 portfolio type-portfolio status-publish format-standard has-post-thumbnail hentry portfolio-category-experiencias\"><span class=\"entry-title\">\u00c1cido ruido<\/span><span class=\"author vcard\"><a class=\"url fn n\" href=\"https:\/\/humanidad.digital\/narrativa-urbana\/author\/admin\/\">admin<\/a><\/span><span class=\"published\">mayo 10, 2020<\/span><time class=\"updated\" datetime=\"2023-10-23T14:46:24-05:00\">octubre 23, 2023<\/time><\/div><a href=\"https:\/\/humanidad.digital\/narrativa-urbana\/experiencia\/acido-ruido\/\" target=\"_self\"><div class=\"slide-hover-box\"><div class=\"opacity-medium bg-black\"><\/div><figure class=\"position-absolute\"><figcaption><h6 class=\"font-weight-300 text-white margin-20px-bottom\">\u00c1cido ruido<\/h6><p class=\"text-white width-85 sm-width-100 no-margin-bottom\">\u00bfC\u00f3mo suena una lectura de Vallejo en pandemia?<\/p><div class=\"separator-line-horrizontal-medium-light2 opacity5 bg-white margin-35px-top sm-margin-25px-top\"><\/div><\/figcaption><\/figure><\/div><\/a><\/div><div class=\"swiper-slide cover-background full-screen grid-item text-left bg-image-srcset\" style=\"background-image:url(https:\/\/humanidad.digital\/narrativa-urbana\/wp-content\/uploads\/2020\/05\/General-emociones.jpg);\" data-bg-srcset=\"https:\/\/humanidad.digital\/narrativa-urbana\/wp-content\/uploads\/2020\/05\/General-emociones.jpg 512w, https:\/\/humanidad.digital\/narrativa-urbana\/wp-content\/uploads\/2020\/05\/General-emociones-170x300.jpg 170w, https:\/\/humanidad.digital\/narrativa-urbana\/wp-content\/uploads\/2020\/05\/General-emociones-437x771.jpg 437w, https:\/\/humanidad.digital\/narrativa-urbana\/wp-content\/uploads\/2020\/05\/General-emociones-81x143.jpg 81w\"><div class=\"pofo-rich-snippet display-none post-21710 portfolio type-portfolio status-publish format-standard has-post-thumbnail hentry portfolio-category-experiencias\"><span class=\"entry-title\">Cartograf\u00edas emocionales<\/span><span class=\"author vcard\"><a class=\"url fn n\" href=\"https:\/\/humanidad.digital\/narrativa-urbana\/author\/admin\/\">admin<\/a><\/span><span class=\"published\">mayo 18, 2020<\/span><time class=\"updated\" datetime=\"2020-05-18T21:48:34-05:00\">mayo 18, 2020<\/time><\/div><a href=\"https:\/\/humanidad.digital\/narrativa-urbana\/experiencia\/cartografias-emocionales\/\" target=\"_self\"><div class=\"slide-hover-box\"><div class=\"opacity-medium bg-black\"><\/div><figure class=\"position-absolute\"><figcaption><h6 class=\"font-weight-300 text-white margin-20px-bottom\">Cartograf\u00edas emocionales<\/h6><p class=\"text-white width-85 sm-width-100 no-margin-bottom\">El confinamiento encerr\u00f3 a la mayor\u00eda de la poblaci\u00f3n en sus hogares, dejando el afuera como un horizonte \u00fanicamente observable. Privado\/p\u00fablico. Lo f\u00edsico y su emoci\u00f3n tambi\u00e9n son horizontes para narrar.<\/p><div class=\"separator-line-horrizontal-medium-light2 opacity5 bg-white margin-35px-top sm-margin-25px-top\"><\/div><\/figcaption><\/figure><\/div><\/a><\/div><div class=\"swiper-slide cover-background full-screen grid-item text-left bg-image-srcset\" style=\"background-image:url(https:\/\/humanidad.digital\/narrativa-urbana\/wp-content\/uploads\/2020\/05\/perifrasis-1-1.jpg);\" data-bg-srcset=\"https:\/\/humanidad.digital\/narrativa-urbana\/wp-content\/uploads\/2020\/05\/perifrasis-1-1.jpg 700w, https:\/\/humanidad.digital\/narrativa-urbana\/wp-content\/uploads\/2020\/05\/perifrasis-1-1-233x300.jpg 233w, https:\/\/humanidad.digital\/narrativa-urbana\/wp-content\/uploads\/2020\/05\/perifrasis-1-1-600x771.jpg 600w, https:\/\/humanidad.digital\/narrativa-urbana\/wp-content\/uploads\/2020\/05\/perifrasis-1-1-81x104.jpg 81w\"><div class=\"pofo-rich-snippet display-none post-21068 portfolio type-portfolio status-publish format-standard has-post-thumbnail hentry portfolio-category-experiencias\"><span class=\"entry-title\">Grammaticus dixit<\/span><span class=\"author vcard\"><a class=\"url fn n\" href=\"https:\/\/humanidad.digital\/narrativa-urbana\/author\/admin\/\">admin<\/a><\/span><span class=\"published\">mayo 10, 2020<\/span><time class=\"updated\" datetime=\"2023-10-24T15:03:21-05:00\">octubre 24, 2023<\/time><\/div><a href=\"https:\/\/humanidad.digital\/narrativa-urbana\/experiencia\/grammaticus-dixit\/\" target=\"_self\"><div class=\"slide-hover-box\"><div class=\"opacity-medium bg-black\"><\/div><figure class=\"position-absolute\"><figcaption><h6 class=\"font-weight-300 text-white margin-20px-bottom\">Grammaticus dixit<\/h6><p class=\"text-white width-85 sm-width-100 no-margin-bottom\">Per\u00edfrasis, sentencias y peroratas de los gram\u00e1ticos<\/p><div class=\"separator-line-horrizontal-medium-light2 opacity5 bg-white margin-35px-top sm-margin-25px-top\"><\/div><\/figcaption><\/figure><\/div><\/a><\/div><div class=\"swiper-slide cover-background full-screen grid-item text-left bg-image-srcset\" style=\"background-image:url(https:\/\/humanidad.digital\/narrativa-urbana\/wp-content\/uploads\/2020\/05\/lucho.jpg);\" data-bg-srcset=\"https:\/\/humanidad.digital\/narrativa-urbana\/wp-content\/uploads\/2020\/05\/lucho.jpg 700w, https:\/\/humanidad.digital\/narrativa-urbana\/wp-content\/uploads\/2020\/05\/lucho-233x300.jpg 233w, https:\/\/humanidad.digital\/narrativa-urbana\/wp-content\/uploads\/2020\/05\/lucho-600x771.jpg 600w, https:\/\/humanidad.digital\/narrativa-urbana\/wp-content\/uploads\/2020\/05\/lucho-81x104.jpg 81w\"><div class=\"pofo-rich-snippet display-none post-21082 portfolio type-portfolio status-publish format-standard has-post-thumbnail hentry portfolio-category-experiencias\"><span class=\"entry-title\">Polaridad<\/span><span class=\"author vcard\"><a class=\"url fn n\" href=\"https:\/\/humanidad.digital\/narrativa-urbana\/author\/admin\/\">admin<\/a><\/span><span class=\"published\">mayo 10, 2020<\/span><time class=\"updated\" datetime=\"2021-05-31T15:37:58-05:00\">mayo 31, 2021<\/time><\/div><a href=\"https:\/\/humanidad.digital\/narrativa-urbana\/experiencia\/polaridad\/\" target=\"_self\"><div class=\"slide-hover-box\"><div class=\"opacity-medium bg-black\"><\/div><figure class=\"position-absolute\"><figcaption><h6 class=\"font-weight-300 text-white margin-20px-bottom\">Polaridad<\/h6><p class=\"text-white width-85 sm-width-100 no-margin-bottom\">Luz y oscuridad desde el balc\u00f3n del apartamento; del otro lado de la videollamada en Zoom.<\/p><div class=\"separator-line-horrizontal-medium-light2 opacity5 bg-white margin-35px-top sm-margin-25px-top\"><\/div><\/figcaption><\/figure><\/div><\/a><\/div><\/div><div class=\"swiper-pagination swiper-pagination-1 swiper-pagination-square swiper-pagination-white\"><\/div><\/div><!-- .swiper-container --><\/div><\/div><\/div><\/section><div class=\"vc_row-full-width vc_clearfix\"><\/div>\n<\/section>","protected":false},"excerpt":{"rendered":"\u201cYo hablo de las comunas con la propiedad del que las conoce, pero no, s\u00f3lo las he visto de lejos, palpitando sus lucecitas en la monta\u00f1a y en la tr\u00e9mula noche. Las he visto, so\u00f1ado, meditado desde las terrazas de mi apartamento, dejando que su alma asesina y lujuriosa se apodere de m\u00ed. Millares de foquitos encendidos, que son casas, que son almas, y yo el eco, el eco entre las sombras. Las comunas a distancia me encienden el coraz\u00f3n como a una choza la chispa de un rayo. S\u00f3lo una vez sub\u00ed, y baj\u00e9, y nada vi porque me lo impidi\u00f3 tremendo aguacero\u201d La Virgen de los Sicarios, Fernando Vallejo [vc_raw_html]JTNDJTIxRE9DVFlQRSUyMGh0bWwlM0UlMEElM0NodG1sJTIwbGFuZyUzRCUyMmVuJTIyJTIwY2xhc3MlM0QlMjJuby1qcyUyMiUzRSUwQSUwOSUzQ2hlYWQlM0UlMEElMDklMDklM0NtZXRhJTIwY2hhcnNldCUzRCUyMlVURi04JTIyJTIwJTJGJTNFJTBBJTA5JTA5JTNDbWV0YSUyMG5hbWUlM0QlMjJ2aWV3cG9ydCUyMiUyMGNvbnRlbnQlM0QlMjJ3aWR0aCUzRGRldmljZS13aWR0aCUyQyUyMGluaXRpYWwtc2NhbGUlM0QxJTIyJTNFJTBBJTA5JTA5JTNDdGl0bGUlM0VQb2xhcmlkYWQlMjAtJTIwRWplcmNpY2lvJTIwc29icmUlMjBsZWN0dXJhJTIwZGUlMjBsYSUyMFZpcmdlbiUyMGRlJTIwbG9zJTIwU2ljYXJpb3MlM0MlMkZ0aXRsZSUzRSUwQSUwOSUwOSUzQ21ldGElMjBuYW1lJTNEJTIyZGVzY3JpcHRpb24lMjIlMjBjb250ZW50JTNEJTIyQSUyMGxpdHRsZSUyMGxpYnJhcnklMjB0aGF0JTIwY2FuJTIwYmUlMjB1c2VkJTIwZm9yJTIwY3JlYXRpbmclMjBXZWJHTCUyMHBvd2VyZWQlMjBkaXN0b3J0aW9uJTIwaG92ZXIlMjBlZmZlY3RzJTIwdXNpbmclMjBkaXNwbGFjZW1lbnQlMjBpbWFnZXMuJTIyJTIwJTJGJTNFJTBBJTA5JTA5JTNDbWV0YSUyMG5hbWUlM0QlMjJrZXl3b3JkcyUyMiUyMGNvbnRlbnQlM0QlMjJ3ZWJnbCUyQyUyMGhvdmVyJTJDJTIwZWZmZWN0JTJDJTIwZGlzdG9ydGlvbiUyQyUyMGRpc3BsYWNlbWVudCUyQyUyMHdlYiUyMGRldmVsb3BtZW50JTJDJTIwdGhyZWUuanMlMjIlMjAlMkYlM0UlMEElMDklMDklM0NtZXRhJTIwbmFtZSUzRCUyMmF1dGhvciUyMiUyMGNvbnRlbnQlM0QlMjJDb2Ryb3BzJTIyJTIwJTJGJTNFJTBBJTA5JTA5JTNDbGluayUyMHJlbCUzRCUyMnNob3J0Y3V0JTIwaWNvbiUyMiUyMGhyZWYlM0QlMjJmYXZpY29uLmljbyUyMiUzRSUwQSUwOSUwOSUzQ2xpbmslMjByZWwlM0QlMjJzdHlsZXNoZWV0JTIyJTIwdHlwZSUzRCUyMnRleHQlMkZjc3MlMjIlMjBocmVmJTNEJTIyaHR0cHMlM0ElMkYlMkZodW1hbmlkYWQuZGlnaXRhbCUyRm5hcnJhdGl2YS11cmJhbmElMkZwb2xhcmlkYWQlMkZhbmltYWNpb24lMkZjc3MlMkZiYXNlLmNzcyUyMiUyMCUyRiUzRSUwQSUwOSUwOSUzQ3NjcmlwdCUzRWRvY3VtZW50LmRvY3VtZW50RWxlbWVudC5jbGFzc05hbWUlM0QlMjJqcyUyMiUzQnZhciUyMHN1cHBvcnRzQ3NzVmFycyUzRGZ1bmN0aW9uJTI4JTI5JTdCdmFyJTIwZSUyQ3QlM0Rkb2N1bWVudC5jcmVhdGVFbGVtZW50JTI4JTIyc3R5bGUlMjIlMjklM0JyZXR1cm4lMjB0LmlubmVySFRNTCUzRCUyMnJvb3QlM0ElMjAlN0IlMjAtLXRtcC12YXIlM0ElMjBib2xkJTNCJTIwJTdEJTIyJTJDZG9jdW1lbnQuaGVhZC5hcHBlbmRDaGlsZCUyOHQlMjklMkNlJTNEJTIxJTIxJTI4d2luZG93LkNTUyUyNiUyNndpbmRvdy5DU1Muc3VwcG9ydHMlMjYlMjZ3aW5kb3cuQ1NTLnN1cHBvcnRzJTI4JTIyZm9udC13ZWlnaHQlMjIlMkMlMjJ2YXIlMjgtLXRtcC12YXIlMjklMjIlMjklMjklMkN0LnBhcmVudE5vZGUucmVtb3ZlQ2hpbGQlMjh0JTI5JTJDZSU3RCUzQnN1cHBvcnRzQ3NzVmFycyUyOCUyOSU3QyU3Q2FsZXJ0JTI4JTIyUGxlYXNlJTIwdmlldyUyMHRoaXMlMjBkZW1vJTIwaW4lMjBhJTIwbW9kZXJuJTIwYnJvd3NlciUyMHRoYXQlMjBzdXBwb3J0cyUyMENTUyUyMFZhcmlhYmxlcy4lMjIlMjklM0IlM0MlMkZzY3JpcHQlM0UlMEElMDklM0MlMkZoZWFkJTNFJTBBJTA5JTNDYm9keSUyMGNsYXNzJTNEJTIybG9hZGluZyUyMiUzRSUwQSUwOSUwOSUzQ3N2ZyUyMGNsYXNzJTNEJTIyaGlkZGVuJTIyJTNFJTBBJTA5JTA5JTA5JTNDc3ltYm9sJTIwaWQlM0QlMjJpY29uLWFycm93JTIyJTIwdmlld0JveCUzRCUyMjAlMjAwJTIwMjQlMjAyNCUyMiUzRSUwQSUwOSUwOSUwOSUwOSUzQ3RpdGxlJTNFYXJyb3clM0MlMkZ0aXRsZSUzRSUwQSUwOSUwOSUwOSUwOSUzQ3BvbHlnb24lMjBwb2ludHMlM0QlMjI2LjMlMkMxMi44JTIwMjAuOSUyQzEyLjglMjAyMC45JTJDMTEuMiUyMDYuMyUyQzExLjIlMjAxMC4yJTJDNy4yJTIwOSUyQzYlMjAzLjElMkMxMiUyMDklMkMxOCUyMDEwLjIlMkMxNi44JTIwJTIyJTJGJTNFJTBBJTA5JTA5JTA5JTNDJTJGc3ltYm9sJTNFJTBBJTA5JTA5JTA5JTNDc3ltYm9sJTIwaWQlM0QlMjJpY29uLWRyb3AlMjIlMjB2aWV3Qm94JTNEJTIyMCUyMDAlMjAyNCUyMDI0JTIyJTNFJTBBJTA5JTA5JTA5JTA5JTNDdGl0bGUlM0Vkcm9wJTNDJTJGdGl0bGUlM0UlMEElMDklMDklMDklMDklM0NwYXRoJTIwZCUzRCUyMk0xMiUyQzIxYy0zLjYlMkMwLTYuNi0zLTYuNi02LjZDNS40JTJDMTElMkMxMC44JTJDNCUyQzExLjQlMkMzLjJDMTEuNiUyQzMuMSUyQzExLjglMkMzJTJDMTIlMkMzczAuNCUyQzAuMSUyQzAuNiUyQzAuM2MwLjYlMkMwLjglMkM2LjElMkM3LjglMkM2LjElMkMxMS4yQzE4LjYlMkMxOC4xJTJDMTUuNiUyQzIxJTJDMTIlMkMyMXpNMTIlMkM0LjhjLTEuOCUyQzIuNC01LjIlMkM3LjQtNS4yJTJDOS42YzAlMkMyLjklMkMyLjMlMkM1LjIlMkM1LjIlMkM1LjJzNS4yLTIuMyUyQzUuMi01LjJDMTcuMiUyQzEyLjIlMkMxMy44JTJDNy4zJTJDMTIlMkM0Ljh6JTIyJTJGJTNFJTNDcGF0aCUyMGQlM0QlMjJNMTIlMkMxOC4yYy0wLjQlMkMwLTAuNy0wLjMtMC43LTAuN3MwLjMtMC43JTJDMC43LTAuN2MxLjMlMkMwJTJDMi40LTEuMSUyQzIuNC0yLjRjMC0wLjQlMkMwLjMtMC43JTJDMC43LTAuN2MwLjQlMkMwJTJDMC43JTJDMC4zJTJDMC43JTJDMC43QzE1LjglMkMxNi41JTJDMTQuMSUyQzE4LjIlMkMxMiUyQzE4LjJ6JTIyJTJGJTNFJTBBJTA5JTA5JTA5JTNDJTJGc3ltYm9sJTNFJTBBJTA5JTA5JTA5JTNDc3ZnJTIwaWQlM0QlMjJpY29uLWdpdGh1YiUyMiUyMHZpZXdCb3glM0QlMjIwJTIwMCUyMDMzJTIwMzMlMjIlM0UlMEElMDklMDklMDklMDklM0N0aXRsZSUzRWdpdGh1YiUzQyUyRnRpdGxlJTNFJTBBJTA5JTA5JTA5JTA5JTNDcGF0aCUyMGQlM0QlMjJNMTYuNjA4LjQ1NUM3LjYxNC40NTUuMzIlMjA3Ljc0OC4zMiUyMDE2Ljc0NWMwJTIwNy4xOTclMjA0LjY2NyUyMDEzLjMwMiUyMDExLjE0JTIwMTUuNDU2LjgxNS4xNSUyMDEuMTEyLS4zNTMlMjAxLjExMi0uNzg1JTIwMC0uMzg2LS4wMTQtMS40MTEtLjAyMi0yLjc3LTQuNTMxLjk4NC01LjQ4Ny0yLjE4NC01LjQ4Ny0yLjE4NC0uNzQxLTEuODgyLTEuODA5LTIuMzgzLTEuODA5LTIuMzgzLTEuNDc5LTEuMDEuMTEyLS45OS4xMTItLjk5JTIwMS42MzUuMTE1JTIwMi40OTUlMjAxLjY3OSUyMDIuNDk1JTIwMS42NzklMjAxLjQ1MyUyMDIuNDg5JTIwMy44MTMlMjAxLjc3JTIwNC43NDElMjAxLjM1My4xNDgtMS4wNTIuNTY5LTEuNzclMjAxLjAzNC0yLjE3Ny0zLjYxNy0uNDExLTcuNDItMS44MDktNy40Mi04LjA1MSUyMDAtMS43NzguNjM1LTMuMjMzJTIwMS42NzctNC4zNzEtLjE2OC0uNDEyLS43MjctMi4wNjkuMTYtNC4zMTElMjAwJTIwMCUyMDEuMzY3LS40MzglMjA0LjQ3OSUyMDEuNjdhMTUuNjAyJTIwMTUuNjAyJTIwMCUyMDAlMjAxJTIwNC4wNzgtLjU0OSUyMDE1LjYyJTIwMTUuNjIlMjAwJTIwMCUyMDElMjA0LjA3OC41NDljMy4xMS0yLjEwOCUyMDQuNDc1LTEuNjclMjA0LjQ3NS0xLjY3Ljg4OSUyMDIuMjQyLjMzJTIwMy44OTkuMTYzJTIwNC4zMTFDMjYuMzclMjAxMi42NiUyMDI3JTIwMTQuMTE1JTIwMjclMjAxNS44OTNjMCUyMDYuMjU4LTMuODA5JTIwNy42MzUtNy40MzclMjA4LjAzOC41ODQuNTAzJTIwMS4xMDUlMjAxLjQ5NyUyMDEuMTA1JTIwMy4wMTclMjAwJTIwMi4xNzctLjAyJTIwMy45MzQtLjAyJTIwNC40NjglMjAwJTIwLjQzNi4yOTQuOTQzJTIwMS4xMi43ODQlMjA2LjQ2OC0yLjE1OSUyMDExLjEzMS04LjI2JTIwMTEuMTMxLTE1LjQ1NSUyMDAtOC45OTctNy4yOTQtMTYuMjktMTYuMjkxLTE2LjI5JTIyJTNFJTNDJTJGcGF0aCUzRSUwQSUwOSUwOSUwOSUzQyUyRnN2ZyUzRSUwQSUwOSUwOSUzQyUyRnN2ZyUzRSUwQSUwOSUwOSUzQ21haW4lM0UlMEElMDklMDklMDklM0NkaXYlMjBjbGFzcyUzRCUyMm1lc3NhZ2UlMjIlM0VQb2xhcmlkYWQlMjAtJTIwRWplcmNpY2lvJTIwc29icmUlMjBsZWN0dXJhJTIwZGUlMjBsYSUyMFZpcmdlbiUyMGRlJTIwbG9zJTIwU2ljYXJpb3MlM0MlMkZkaXYlM0UlMEElMDklMDklMDklM0NkaXYlMjBjbGFzcyUzRCUyMmdyaWQlMjIlM0UlMEElMDklMDklMDklMDklM0NkaXYlMjBjbGFzcyUzRCUyMmdyaWRfX2l0ZW0lMjB0aGVtZS0xJTIyJTNFJTBBJTA5JTA5JTA5JTNDZGl2JTIwY2xhc3MlM0QlMjJncmlkX19pdGVtLWltZyUyMiUyMGRhdGEtZGlzcGxhY2VtZW50JTNEJTIyaHR0cCUzQSUyRiUyRmh1bWFuaWRhZC5kaWdpdGFsJTJGbmFycmF0aXZhLXVyYmFuYSUyRnBvbGFyaWRhZCUyRmFuaW1hY2lvbiUyRmltZyUyRmRpc3BsYWNlbWVudCUyRjQucG5nJTIyJTIwZGF0YS1pbnRlbnNpdHklM0QlMjIuNSUyMiUyMGRhdGEtc3BlZWRJbiUzRCUyMjYwJTIyJTIwZGF0YS1zcGVlZE91dCUzRCUyMjIwJTIyJTNFJTBBJTA5JTA5JTA5JTA5JTA5JTA5JTNDaW1nJTIwc3JjJTNEJTIyaHR0cHMlM0ElMkYlMkZodW1hbmlkYWQuZGlnaXRhbCUyRm5hcnJhdGl2YS11cmJhbmElMkZ3cC1jb250ZW50JTJGdXBsb2FkcyUyRjIwMjAlMkYwNSUyRklNR18wMzY0LnBuZyUyMiUyMGFsdCUzRCUyMkltYWdlJTIyJTJGJTNFJTBBJTA5JTA5JTA5JTA5JTA5JTA5JTNDaW1nJTIwc3JjJTNEJTIyaHR0cHMlM0ElMkYlMkZodW1hbmlkYWQuZGlnaXRhbCUyRm5hcnJhdGl2YS11cmJhbmElMkZ3cC1jb250ZW50JTJGdXBsb2FkcyUyRjIwMjAlMkYwNSUyRklNR18wMzcwLnBuZyUyMiUyMGFsdCUzRCUyMkltYWdlJTIyJTJGJTNFJTBBJTA5JTA5JTA5JTA5JTA5JTNDJTJGZGl2JTNFJTBBJTA5JTA5JTA5JTA5JTNDJTJGZGl2JTNFJTBBJTA5JTA5JTA5JTA5JTNDZGl2JTIwY2xhc3MlM0QlMjJncmlkX19pdGVtJTIwZ3JpZF9faXRlbS0tYmclMjB0aGVtZS0yJTIyJTNFJTBBJTA5JTA5JTA5JTA5JTA5JTNDZGl2JTIwY2xhc3MlM0QlMjJncmlkX19pdGVtLWltZyUyMiUyMGRhdGEtZGlzcGxhY2VtZW50JTNEJTIyaHR0cHMlM0ElMkYlMkZodW1hbmlkYWQuZGlnaXRhbCUyRm5hcnJhdGl2YS11cmJhbmElMkZwb2xhcmlkYWQlMkZhbmltYWNpb24lMkZpbWclMkZkaXNwbGFjZW1lbnQlMkY4LmpwZyUyMiUyMGRhdGEtaW50ZW5zaXR5JTNEJTIyLjglMjIlMjBkYXRhLXNwZWVkSW4lM0QlMjIzMCUyMiUyMGRhdGEtc3BlZWRPdXQlM0QlMjIzMCUyMiUzRSUwQSUwOSUwOSUwOSUwOSUwOSUwOSUzQ2ltZyUyMHNyYyUzRCUyMmh0dHBzJTNBJTJGJTJGaHVtYW5pZGFkLmRpZ2l0YWwlMkZuYXJyYXRpdmEtdXJiYW5hJTJGd3AtY29udGVudCUyRnVwbG9hZHMlMkYyMDIwJTJGMDUlMkZJTUdfMDM3MC5wbmclMjIlMjBhbHQlM0QlMjJJbWFnZSUyMiUyRiUzRSUwQSUwOSUwOSUwOSUwOSUwOSUwOSUzQ2ltZyUyMHNyYyUzRCUyMmh0dHBzJTNBJTJGJTJGaHVtYW5pZGFkLmRpZ2l0YWwlMkZuYXJyYXRpdmEtdXJiYW5hJTJGd3AtY29udGVudCUyRnVwbG9hZHMlMkYyMDIwJTJGMDUlMkZJTUdfMDM2NC5wbmclMjIlMjBhbHQlM0QlMjJJbWFnZSUyMiUyRiUzRSUwQSUwOSUwOSUwOSUwOSUwOSUzQyUyRmRpdiUzRSUwQSUwOSUwOSUwOSUwOSUwQSUwOSUwOSUwOSUwOSUzQyUyRmRpdiUzRSUwQSUwOSUwOSUwOSUwQSUwOSUwOSUwOSUzQyUyRmRpdiUzRSUwQSUwOSUwOSUzQyUyRm1haW4lM0UlMEElMDklMDklM0NzY3JpcHQlMjBzcmMlM0QlMjJodHRwcyUzQSUyRiUyRmh1bWFuaWRhZC5kaWdpdGFsJTJGbmFycmF0aXZhLXVyYmFuYSUyRnBvbGFyaWRhZCUyRmFuaW1hY2lvbiUyRmpzJTJGaW1hZ2VzbG9hZGVkLnBrZ2QubWluLmpzJTIyJTNFJTNDJTJGc2NyaXB0JTNFJTBBJTA5JTA5JTNDc2NyaXB0JTIwc3JjJTNEJTIyaHR0cHMlM0ElMkYlMkZodW1hbmlkYWQuZGlnaXRhbCUyRm5hcnJhdGl2YS11cmJhbmElMkZwb2xhcmlkYWQlMkZhbmltYWNpb24lMkZqcyUyRnRocmVlLm1pbi5qcyUyMiUzRSUzQyUyRnNjcmlwdCUzRSUwQSUwOSUwOSUzQ3NjcmlwdCUyMHNyYyUzRCUyMmh0dHBzJTNBJTJGJTJGaHVtYW5pZGFkLmRpZ2l0YWwlMkZuYXJyYXRpdmEtdXJiYW5hJTJGcG9sYXJpZGFkJTJGYW5pbWFjaW9uJTJGanMlMkZUd2Vlbk1heC5taW4uanMlMjIlM0UlM0MlMkZzY3JpcHQlM0UlMEElMDklMDklM0NzY3JpcHQlMjBzcmMlM0QlMjJodHRwcyUzQSUyRiUyRmh1bWFuaWRhZC5kaWdpdGFsJTJGbmFycmF0aXZhLXVyYmFuYSUyRnBvbGFyaWRhZCUyRmRpc3QlMkZob3Zlci1lZmZlY3QudW1kLmpzJTIyJTNFJTNDJTJGc2NyaXB0JTNFJTBBJTA5JTA5JTNDc2NyaXB0JTNFJTBBJTA5JTA5JTA5aW1hZ2VzTG9hZGVkJTI4JTIwZG9jdW1lbnQucXVlcnlTZWxlY3RvckFsbCUyOCUyN2ltZyUyNyUyOSUyQyUyMCUyOCUyOSUyMCUzRCUzRSUyMCU3QiUwQSUwOSUwOSUwOSUwOWRvY3VtZW50LmJvZHkuY2xhc3NMaXN0LnJlbW92ZSUyOCUyN2xvYWRpbmclMjclMjklM0IlMEElMDklMDklMDklN0QlMjklM0IlMEElMEElMDklMDklMDlBcnJheS5mcm9tJTI4ZG9jdW1lbnQucXVlcnlTZWxlY3RvckFsbCUyOCUyNy5ncmlkX19pdGVtLWltZyUyNyUyOSUyOS5mb3JFYWNoJTI4JTI4ZWwlMjklMjAlM0QlM0UlMjAlN0IlMEElMDklMDklMDklMDljb25zdCUyMGltZ3MlMjAlM0QlMjBBcnJheS5mcm9tJTI4ZWwucXVlcnlTZWxlY3RvckFsbCUyOCUyN2ltZyUyNyUyOSUyOSUzQiUwQSUwOSUwOSUwOSUwOW5ldyUyMGhvdmVyRWZmZWN0JTI4JTdCJTBBJTA5JTA5JTA5JTA5JTA5cGFyZW50JTNBJTIwZWwlMkMlMEElMDklMDklMDklMDklMDlpbnRlbnNpdHklM0ElMjBlbC5kYXRhc2V0LmludGVuc2l0eSUyMCU3QyU3QyUyMHVuZGVmaW5lZCUyQyUwQSUwOSUwOSUwOSUwOSUwOXNwZWVkSW4lM0ElMjBlbC5kYXRhc2V0LnNwZWVkaW4lMjAlN0MlN0MlMjB1bmRlZmluZWQlMkMlMEElMDklMDklMDklMDklMDlzcGVlZE91dCUzQSUyMGVsLmRhdGFzZXQuc3BlZWRvdXQlMjAlN0MlN0MlMjB1bmRlZmluZWQlMkMlMEElMDklMDklMDklMDklMDllYXNpbmclM0ElMjBlbC5kYXRhc2V0LmVhc2luZyUyMCU3QyU3QyUyMHVuZGVmaW5lZCUyQyUwQSUwOSUwOSUwOSUwOSUwOWhvdmVyJTNBJTIwZWwuZGF0YXNldC5ob3ZlciUyMCU3QyU3QyUyMHVuZGVmaW5lZCUyQyUwQSUwOSUwOSUwOSUwOSUwOWltYWdlMSUzQSUyMGltZ3MlNUIwJTVELmdldEF0dHJpYnV0ZSUyOCUyN3NyYyUyNyUyOSUyQyUwQSUwOSUwOSUwOSUwOSUwOWltYWdlMiUzQSUyMGltZ3MlNUIxJTVELmdldEF0dHJpYnV0ZSUyOCUyN3NyYyUyNyUyOSUyQyUwQSUwOSUwOSUwOSUwOSUwOWRpc3BsYWNlbWVudEltYWdlJTNBJTIwZWwuZGF0YXNldC5kaXNwbGFjZW1lbnQlMEElMDklMDklMDklMDklN0QlMjklM0IlMEElMDklMDklMDklN0QlMjklM0IlMEElMDklMDklM0MlMkZzY3JpcHQlM0UlMEElMDklM0MlMkZib2R5JTNFJTBBJTNDJTJGaHRtbCUzRSUwQQ==[\/vc_raw_html] \u201cEn lo alto de mi edi\ufb01cio, en las noches, mi apartamento es una isla oscura en un mar de luces. Lucecitas por doquiera en torno, en las monta\u00f1as, palpitando en la nitidez del cielo porque aqu\u00ed no hay smog: lo tumba la lluvia\u2026 S\u00ed se\u00f1or, Medell\u00edn en la noche es bello. \u00bfO bella? Ya ni s\u00e9, nunca he sabido si es hombre o mujer. Lo que sea. Como esas lucecitas ya dije que eran almas, viene a tener m\u00e1s almas que yo: tres millones y medio. Y yo...","protected":false},"author":1,"featured_media":21074,"parent":0,"menu_order":0,"comment_status":"closed","ping_status":"closed","template":"","meta":{"footnotes":""},"class_list":["post-1493","page","type-page","status-publish","has-post-thumbnail","hentry"],"_links":{"self":[{"href":"https:\/\/humanidad.digital\/narrativa-urbana\/wp-json\/wp\/v2\/pages\/1493","targetHints":{"allow":["GET"]}}],"collection":[{"href":"https:\/\/humanidad.digital\/narrativa-urbana\/wp-json\/wp\/v2\/pages"}],"about":[{"href":"https:\/\/humanidad.digital\/narrativa-urbana\/wp-json\/wp\/v2\/types\/page"}],"author":[{"embeddable":true,"href":"https:\/\/humanidad.digital\/narrativa-urbana\/wp-json\/wp\/v2\/users\/1"}],"replies":[{"embeddable":true,"href":"https:\/\/humanidad.digital\/narrativa-urbana\/wp-json\/wp\/v2\/comments?post=1493"}],"version-history":[{"count":19,"href":"https:\/\/humanidad.digital\/narrativa-urbana\/wp-json\/wp\/v2\/pages\/1493\/revisions"}],"predecessor-version":[{"id":21715,"href":"https:\/\/humanidad.digital\/narrativa-urbana\/wp-json\/wp\/v2\/pages\/1493\/revisions\/21715"}],"wp:featuredmedia":[{"embeddable":true,"href":"https:\/\/humanidad.digital\/narrativa-urbana\/wp-json\/wp\/v2\/media\/21074"}],"wp:attachment":[{"href":"https:\/\/humanidad.digital\/narrativa-urbana\/wp-json\/wp\/v2\/media?parent=1493"}],"curies":[{"name":"wp","href":"https:\/\/api.w.org\/{rel}","templated":true}]}}