{"id":1503,"date":"2017-05-24T06:43:23","date_gmt":"2017-05-24T06:43:23","guid":{"rendered":"http:\/\/wpdemos.themezaa.com\/pofo\/?page_id=1503"},"modified":"2020-08-09T10:33:46","modified_gmt":"2020-08-09T15:33:46","slug":"acerca","status":"publish","type":"page","link":"https:\/\/humanidad.digital\/narrativa-urbana\/acerca\/","title":{"rendered":"Acerca"},"content":{"rendered":"<section class=\"wpb-content-wrapper\"><section data-vc-full-width=\"true\" data-vc-full-width-init=\"false\" data-vc-stretch-content=\"true\" class=\"vc_row wpb_row vc_row-fluid  vc_custom_1507205266443 wow fadeIn vc_row-has-fill pofo-stretch-content vc_row-no-padding vc_row-o-equal-height vc_row-o-content-middle vc_row-flex\"><div class=\"wpb_column vc_column_container vc_col-sm-12 vc_col-md-6 vc_col-xs-12 wow fadeInRight sm-text-center xs-text-center\"><div class=\"vc_column-inner vc_custom_1507193184506\"><div class=\"wpb_wrapper\"><div class=\"vc_row wpb_row vc_inner vc_row-fluid\"><div class=\"wpb_column vc_column_container vc_col-sm-12  col-xs-mobile-fullwidth pofo-column-responsive-69d5bb73e8c51\"><div class=\"vc_column-inner vc_custom_1509018666493\"><div class=\"wpb_wrapper\"><div class=\"last-paragraph-no-margin pofo-text-block-responsive-69d5bb73e8d9f\" style=\"color: #ffffff; width: 90%;\"><p style=\"text-align: right;\"><span>El objetivo de este piloto fue realizar una lectura conjunta de la novela <\/span><i>La Virgen de los Sicarios <\/i><span>(1994) del escritor colombiano Fernando Vallejo desde las actuales herramientas que brindan las humanidades digitales para el an\u00e1lisis del discurso. En un primer momento se propuso que la categor\u00eda de an\u00e1lisis a tener en cuenta ser\u00eda la manera en que los cinco sentidos (la visi\u00f3n, el olfato, la audici\u00f3n, el tacto y el gusto) se entrelazan en los procesos de enunciaci\u00f3n y de lectura de la novela. A mediados de marzo, con la irrupci\u00f3n del coronavirus COV-19 y la consiguiente cuarentena que se impuso en Bogot\u00e1, el piloto adquiri\u00f3 un nuevo rumbo que busc\u00f3 evidenciar la crisis que la nueva coyuntura suscit\u00f3 tanto en el \u201cgram\u00e1tico\u201d como en los \u201cinvestigadores\u201d. Para dar cuenta de ello se realiz\u00f3 una nueva aproximaci\u00f3n a la novela, ahora desde un filtro de lectura centrado en las emociones (alegr\u00eda, tristeza, miedo, rabia, placer y ternura) que su relectura suscitaba en sus lectores inmersos en la incertidumbre generada por la pandemia. Al corpus inicial objeto de estudio se sumaron las \u201cCr\u00f3nicas coronav\u00edricas\u201d que Vallejo public\u00f3 entre los meses de marzo y abril en el peri\u00f3dico <\/span><i>El Espectador<\/i><span> y el portal <\/span><i>El reverbero de Juan Paz<\/i><span>, as\u00ed como otras fuentes que se consideraron pertinentes para alcanzar el nuevo objetivo.<\/span><\/p>\n<\/div><\/div><\/div><\/div><\/div><\/div><\/div><\/div><div class=\"wpb_column vc_column_container vc_col-has-fill vc_col-sm-12 vc_col-md-6 vc_col-xs-12 wow fadeInLeft pofo-column-responsive-69d5bb73e8f34\"><div class=\"vc_column-inner cover-background vc_custom_1589857860362\"><div class=\"wpb_wrapper\"><div class=\"bg-deep-pink-opacity padding-eleven-all sm-padding-seven-all xs-padding-30px-all block-1  vc_custom_1596987224099 block1-1\"><div class=\"box-separator-line width-180px bg-white md-width-120px sm-width-90px sm-display-none\"><\/div><div class=\"text-large font-weight-300 text-white last-paragraph-no-margin\"><p><span style=\"color: #ffffff;\"><strong>Este piloto ofrece los resultados alcanzados. Es un entramado de \u201clecturas digitales\u201d al que invitamos a sumar las de aquellos usuarios de la plataforma que as\u00ed lo deseen hacer.<\/strong><\/span><\/p>\n<\/div><\/div><a  href=\"http:\/\/humanidad.digital\/narrativa-urbana\" target=\"_self\" class=\"btn pofo-button-1 button-style2  btn-white  btn-small   vc_custom_1589858225666\" >Explore las experiencias<\/a><\/div><\/div><\/div><\/section><div class=\"vc_row-full-width vc_clearfix\"><\/div><section data-vc-full-width=\"true\" data-vc-full-width-init=\"false\" data-vc-stretch-content=\"true\" class=\"vc_row wpb_row vc_row-fluid  vc_custom_1510204567034 wow fadeIn pofo-stretch-content vc_row-no-padding vc_row-o-equal-height vc_row-o-content-middle vc_row-flex\"><div class=\"wpb_column vc_column_container vc_col-has-fill vc_col-sm-6 vc_col-md-3 col-xs-mobile-fullwidth wow fadeInRight text-center pofo-column-responsive-69d5bb73e91f7\"><div class=\"vc_column-inner vc_custom_1510204473998\"><div class=\"wpb_wrapper\"><div class=\"featurebox14 pofo-featurebox  vc_custom_1589857256723 pofo-feature-box-responsive-69d5bb73e9374 feature-box-14 padding-fifteen-all sm-padding-50px-all xs-padding-30px-all featurebox14-1\"><div class=\"last-paragraph-no-margin\"><p><b><span>Difusi\u00f3n de investigaci\u00f3n y creaci\u00f3n desde las Humanidades Digitales para la Universidad de los Andes <\/span><\/b><span>busca explorar formas de poner en circulaci\u00f3n temas especializados a audiencias amplias en virtud de los actuales cruces entre la academia y el mundo digital.<\/span><\/p>\n<\/div><\/div><\/div><\/div><\/div><div class=\"wpb_column vc_column_container vc_col-has-fill vc_col-sm-6 vc_col-md-3 col-xs-mobile-fullwidth wow fadeInRight text-center pofo-column-responsive-69d5bb73e9466\" data-wow-delay= 200ms><div class=\"vc_column-inner vc_custom_1510204559656\"><div class=\"wpb_wrapper\"><div class=\"featurebox14 pofo-featurebox  vc_custom_1589857278943 pofo-feature-box-responsive-69d5bb73e94f4 feature-box-14 padding-fifteen-all sm-padding-50px-all xs-padding-30px-all featurebox14-2\"><div class=\"last-paragraph-no-margin\"><p><span>Los coordinadores del proyecto son Sandra Barrera, Luis Antonio Silva y \u00c9lder Tobar, egresados de la Maestr\u00eda en Humanidades Digitales de la Universidad de los Andes.<\/span><\/p>\n<\/div><\/div><\/div><\/div><\/div><div class=\"wpb_column vc_column_container vc_col-has-fill vc_col-sm-6 vc_col-md-3 col-xs-mobile-fullwidth wow fadeInRight text-center pofo-column-responsive-69d5bb73e959b\" data-wow-delay= 400ms><div class=\"vc_column-inner vc_custom_1510204591853\"><div class=\"wpb_wrapper\"><div class=\"featurebox14 pofo-featurebox  vc_custom_1589857323131 pofo-feature-box-responsive-69d5bb73e963f feature-box-14 padding-fifteen-all sm-padding-50px-all xs-padding-30px-all featurebox14-3\"><div class=\"last-paragraph-no-margin\"><p><span>Durante el primer semestre de 2020 se realiz\u00f3 el piloto del proyecto, incorpor\u00e1ndose a \u00e9l como asistente de investigaci\u00f3n Nathalia Roa, estudiante de la mencionada maestr\u00eda en Humanidades Digitales, y como investigador invitado Mario Barrero Fajardo, profesor asociado del Departamento de Humanidades y Literatura de la Universidad de los Andes.<\/span><\/p>\n<\/div><\/div><\/div><\/div><\/div><div class=\"wpb_column vc_column_container vc_col-has-fill vc_col-sm-6 vc_col-md-3 col-xs-mobile-fullwidth wow fadeInRight text-center\" data-wow-delay= 600ms><div class=\"vc_column-inner vc_custom_1510204628622\"><div class=\"wpb_wrapper\"><div class=\"featurebox14 pofo-featurebox  vc_custom_1589857288003 pofo-feature-box-responsive-69d5bb73e973f feature-box-14 padding-fifteen-all sm-padding-50px-all xs-padding-30px-all featurebox14-4\"><div class=\"last-paragraph-no-margin\"><p><span>El proyecto cuenta con el apoyo de la Vicerrector\u00eda de Investigaci\u00f3n y Creaci\u00f3n y la Escuela de Posgrados de la Facultad de Artes y Humanidades de la Universidad de los Andes.<\/span><\/p>\n<\/div><\/div><\/div><\/div><\/div><\/section><div class=\"vc_row-full-width vc_clearfix\"><\/div><section data-vc-full-width=\"true\" data-vc-full-width-init=\"false\" data-vc-stretch-content=\"true\" class=\"vc_row wpb_row vc_row-fluid   pofo-stretch-content vc_row-no-padding vc_row-o-full-height vc_row-o-columns-middle vc_row-flex\"><div class=\"wpb_column vc_column_container full-screen vc_col-sm-12  col-xs-mobile-fullwidth\"><div class=\"vc_column-inner \"><div class=\"wpb_wrapper\">[vc_raw_html]JTNDaWZyYW1lJTIwc3JjJTNEJTI3aHR0cHMlM0ElMkYlMkZjZG4ua25pZ2h0bGFiLmNvbSUyRmxpYnMlMkZ0aW1lbGluZTMlMkZsYXRlc3QlMkZlbWJlZCUyRmluZGV4Lmh0bWwlM0Zzb3VyY2UlM0QxT0VleTVwTDBTM0ZNa3g2Wi0zWDdiamJlYXhVYVBqZEhqTG4wSms4VUVvZyUyNmZvbnQlM0REZWZhdWx0JTI2bGFuZyUzRGVzJTI2aW5pdGlhbF96b29tJTNEMiUyNmhlaWdodCUzRDgwMCUyNyUyMHdpZHRoJTNEJTI3MTAwJTI1JTI3JTIwaGVpZ2h0JTNEJTI3OTAwJTI3JTIwd2Via2l0YWxsb3dmdWxsc2NyZWVuJTIwbW96YWxsb3dmdWxsc2NyZWVuJTIwYWxsb3dmdWxsc2NyZWVuJTIwZnJhbWVib3JkZXIlM0QlMjcwJTI3JTNFJTNDJTJGaWZyYW1lJTNF[\/vc_raw_html]<\/div><\/div><\/div><\/section><div class=\"vc_row-full-width vc_clearfix\"><\/div>\n<\/section>","protected":false},"excerpt":{"rendered":"El objetivo de este piloto fue realizar una lectura conjunta de la novela La Virgen de los Sicarios (1994) del escritor colombiano Fernando Vallejo desde las actuales herramientas que brindan las humanidades digitales para el an\u00e1lisis del discurso. En un primer momento se propuso que la categor\u00eda de an\u00e1lisis a tener en cuenta ser\u00eda la manera en que los cinco sentidos (la visi\u00f3n, el olfato, la audici\u00f3n, el tacto y el gusto) se entrelazan en los procesos de enunciaci\u00f3n y de lectura de la novela. A mediados de marzo, con la irrupci\u00f3n del coronavirus COV-19 y la consiguiente cuarentena que se impuso en Bogot\u00e1, el piloto adquiri\u00f3 un nuevo rumbo que busc\u00f3 evidenciar la crisis que la nueva coyuntura suscit\u00f3 tanto en el \u201cgram\u00e1tico\u201d como en los \u201cinvestigadores\u201d. Para dar cuenta de ello se realiz\u00f3 una nueva aproximaci\u00f3n a la novela, ahora desde un filtro de lectura centrado en las emociones (alegr\u00eda, tristeza, miedo, rabia, placer y ternura) que su relectura suscitaba en sus lectores inmersos en la incertidumbre generada por la pandemia. Al corpus inicial objeto de estudio se sumaron las \u201cCr\u00f3nicas coronav\u00edricas\u201d que Vallejo public\u00f3 entre los meses de marzo y abril en el peri\u00f3dico El Espectador y...","protected":false},"author":1,"featured_media":0,"parent":0,"menu_order":0,"comment_status":"closed","ping_status":"closed","template":"","meta":{"footnotes":""},"class_list":["post-1503","page","type-page","status-publish","hentry"],"_links":{"self":[{"href":"https:\/\/humanidad.digital\/narrativa-urbana\/wp-json\/wp\/v2\/pages\/1503","targetHints":{"allow":["GET"]}}],"collection":[{"href":"https:\/\/humanidad.digital\/narrativa-urbana\/wp-json\/wp\/v2\/pages"}],"about":[{"href":"https:\/\/humanidad.digital\/narrativa-urbana\/wp-json\/wp\/v2\/types\/page"}],"author":[{"embeddable":true,"href":"https:\/\/humanidad.digital\/narrativa-urbana\/wp-json\/wp\/v2\/users\/1"}],"replies":[{"embeddable":true,"href":"https:\/\/humanidad.digital\/narrativa-urbana\/wp-json\/wp\/v2\/comments?post=1503"}],"version-history":[{"count":27,"href":"https:\/\/humanidad.digital\/narrativa-urbana\/wp-json\/wp\/v2\/pages\/1503\/revisions"}],"predecessor-version":[{"id":21994,"href":"https:\/\/humanidad.digital\/narrativa-urbana\/wp-json\/wp\/v2\/pages\/1503\/revisions\/21994"}],"wp:attachment":[{"href":"https:\/\/humanidad.digital\/narrativa-urbana\/wp-json\/wp\/v2\/media?parent=1503"}],"curies":[{"name":"wp","href":"https:\/\/api.w.org\/{rel}","templated":true}]}}